{"id":20420,"date":"2022-06-01T08:54:56","date_gmt":"2022-06-01T08:54:56","guid":{"rendered":"https:\/\/zoofy.com\/ueber-zoofy\/"},"modified":"2022-07-20T08:12:59","modified_gmt":"2022-07-20T08:12:59","slug":"uber-uns","status":"publish","type":"page","link":"https:\/\/sta-wp.zoofy.com\/de-de\/uber-uns\/","title":{"rendered":"\u00dcber Zoofy"},"content":{"rendered":"&#13;\n<h1>About Zoofy<\/h1>&#13;\n<p>Wir helfen Ihnen, so schnell wie m\u00f6glich einen Top-Handwerker f\u00fcr alle kleinen Arbeiten im und ums Haus zu buchen. H\u00f6ren Sie auf anzurufen! Vereinbaren Sie einfach einen Termin direkt mit einem unserer Tausenden von Profis. Das spart eine Menge \u00c4rger.<\/p>&#13;\n<h2>When was Zoofy founded<\/h2>&#13;\n<p>Zoofy wurde im Jahr 2015 gegr\u00fcndet. Eine Schwester des Gr\u00fcnders konnte in Amsterdam keinen Mechaniker finden, der ihr bei einem Heizungsproblem schnell helfen konnte. Zehn Anrufe sp\u00e4ter sprach sie schlie\u00dflich mit einem Heizungsmonteur, der bereit war, vorbeizukommen. Aber ja&#8230;&#8230;dann zu einem viel zu hohen Anfahrtspreis und nur in vier Tagen. &#8220;Das muss doch einfacher gehen&#8221;, dachte sich Gr\u00fcnder Arthur de Leeuw. Wenig sp\u00e4ter startete Zoofy als eine Art Notfallalarm f\u00fcr Profis. Menschen in Not konnten per Knopfdruck verf\u00fcgbare Klempner, Heizungsmonteure, Elektriker und andere Spezialisten erreichen. Zun\u00e4chst nur in Amsterdam. Ein Jahr sp\u00e4ter landesweit. In der Zwischenzeit haben wir die Anzahl der Fachgebiete erweitert und es stehen landesweit mehr als 7.000 Fachleute oder Handwerker f\u00fcr Sie bereit. Unser Team pr\u00fcft jeden Handwerker, der sich bewirbt, bevor er in unser Netzwerk aufgenommen wird. Dann behalten wir alle Auftr\u00e4ge genau im Auge. Geht etwas schief? Dann tun wir unser Bestes, um die Arbeit immer zu Ihrer Zufriedenheit zu erledigen. Alles in allem bieten wir einen Service, der Ihnen das Leben ein wenig leichter macht.&#13;\n&#13;\n<\/p>&#13;\n<h3>Where to follow Zoofy<\/h3>&#13;\n<p>Sind Sie neugierig, was uns von \u00e4hnlichen Parteien unterscheidet? Lesen Sie es in diesem Blog.\u00a0Sie k\u00f6nnen uns auch auf der Zoofy Facebook-Seite oder auf der Zoofy Instagram-Seite folgen. \u00a0<\/p>&#13;\n","protected":false},"excerpt":{"rendered":"<p>&#13; About Zoofy &#13; Wir helfen Ihnen, so schnell wie m\u00f6glich einen Top-Handwerker f\u00fcr alle kleinen Arbeiten im und ums Haus zu buchen. H\u00f6ren Sie auf anzurufen! Vereinbaren Sie einfach einen Termin direkt mit einem unserer Tausenden von Profis. Das spart eine Menge \u00c4rger. &#13; When was Zoofy founded &#13; Zoofy wurde im Jahr 2015 [&hellip;]<\/p>\n","protected":false},"author":1,"featured_media":0,"parent":0,"menu_order":0,"comment_status":"closed","ping_status":"closed","template":"page-templates\/text-content.php","meta":[],"acf":[],"yoast_head":"<!-- This site is optimized with the Yoast SEO plugin v19.13 - https:\/\/yoast.com\/wordpress\/plugins\/seo\/ -->\n<title>\u00dcber Zoofy - Buchen Sie einen Profi online - Zoofy.com<\/title>\n<meta name=\"description\" content=\"Wir helfen Ihnen, so schnell wie m\u00f6glich einen Top-Handwerker f\u00fcr all Ihre kleinen Arbeiten im und am Haus zu finden. H\u00f6ren Sie auf anzurufen!\" \/>\n<meta name=\"robots\" content=\"index, follow, max-snippet:-1, max-image-preview:large, max-video-preview:-1\" \/>\n<link rel=\"canonical\" href=\"https:\/\/sta-wp.zoofy.com\/de-de\/uber-uns\/\" \/>\n<meta property=\"og:locale\" content=\"de_DE\" \/>\n<meta property=\"og:type\" content=\"article\" \/>\n<meta property=\"og:title\" content=\"\u00dcber Zoofy - Buchen Sie einen Profi online - Zoofy.com\" \/>\n<meta property=\"og:description\" content=\"Wir helfen Ihnen, so schnell wie m\u00f6glich einen Top-Handwerker f\u00fcr all Ihre kleinen Arbeiten im und am Haus zu finden. H\u00f6ren Sie auf anzurufen!\" \/>\n<meta property=\"og:url\" content=\"https:\/\/sta-wp.zoofy.com\/de-de\/uber-uns\/\" \/>\n<meta property=\"og:site_name\" content=\"Zoofy.com\" \/>\n<meta property=\"article:modified_time\" content=\"2022-07-20T08:12:59+00:00\" \/>\n<meta name=\"twitter:card\" content=\"summary_large_image\" \/>\n<meta name=\"twitter:label1\" content=\"Est. reading time\" \/>\n\t<meta name=\"twitter:data1\" content=\"2 minutes\" \/>\n<script type=\"application\/ld+json\" class=\"yoast-schema-graph\">{\"@context\":\"https:\/\/schema.org\",\"@graph\":[{\"@type\":\"WebPage\",\"@id\":\"https:\/\/sta-wp.zoofy.com\/de-de\/uber-uns\/\",\"url\":\"https:\/\/sta-wp.zoofy.com\/de-de\/uber-uns\/\",\"name\":\"\u00dcber Zoofy - Buchen Sie einen Profi online - Zoofy.com\",\"isPartOf\":{\"@id\":\"https:\/\/sta-wp.zoofy.com\/de-de\/#website\"},\"datePublished\":\"2022-06-01T08:54:56+00:00\",\"dateModified\":\"2022-07-20T08:12:59+00:00\",\"description\":\"Wir helfen Ihnen, so schnell wie m\u00f6glich einen Top-Handwerker f\u00fcr all Ihre kleinen Arbeiten im und am Haus zu finden. H\u00f6ren Sie auf anzurufen!\",\"breadcrumb\":{\"@id\":\"https:\/\/sta-wp.zoofy.com\/de-de\/uber-uns\/#breadcrumb\"},\"inLanguage\":\"de-NDE\",\"potentialAction\":[{\"@type\":\"ReadAction\",\"target\":[\"https:\/\/sta-wp.zoofy.com\/de-de\/uber-uns\/\"]}]},{\"@type\":\"BreadcrumbList\",\"@id\":\"https:\/\/sta-wp.zoofy.com\/de-de\/uber-uns\/#breadcrumb\",\"itemListElement\":[{\"@type\":\"ListItem\",\"position\":1,\"name\":\"Home\",\"item\":\"https:\/\/sta-wp.zoofy.com\/de-de\/\"},{\"@type\":\"ListItem\",\"position\":2,\"name\":\"\u00dcber Zoofy\"}]},{\"@type\":\"WebSite\",\"@id\":\"https:\/\/sta-wp.zoofy.com\/de-de\/#website\",\"url\":\"https:\/\/sta-wp.zoofy.com\/de-de\/\",\"name\":\"Zoofy.com\",\"description\":\"Online Book a Service platform\",\"potentialAction\":[{\"@type\":\"SearchAction\",\"target\":{\"@type\":\"EntryPoint\",\"urlTemplate\":\"https:\/\/sta-wp.zoofy.com\/de-de\/?s={search_term_string}\"},\"query-input\":\"required name=search_term_string\"}],\"inLanguage\":\"de-NDE\"}]}<\/script>\n<!-- \/ Yoast SEO plugin. -->","yoast_head_json":{"title":"\u00dcber Zoofy - Buchen Sie einen Profi online - Zoofy.com","description":"Wir helfen Ihnen, so schnell wie m\u00f6glich einen Top-Handwerker f\u00fcr all Ihre kleinen Arbeiten im und am Haus zu finden. H\u00f6ren Sie auf anzurufen!","robots":{"index":"index","follow":"follow","max-snippet":"max-snippet:-1","max-image-preview":"max-image-preview:large","max-video-preview":"max-video-preview:-1"},"canonical":"https:\/\/sta-wp.zoofy.com\/de-de\/uber-uns\/","og_locale":"de_DE","og_type":"article","og_title":"\u00dcber Zoofy - Buchen Sie einen Profi online - Zoofy.com","og_description":"Wir helfen Ihnen, so schnell wie m\u00f6glich einen Top-Handwerker f\u00fcr all Ihre kleinen Arbeiten im und am Haus zu finden. H\u00f6ren Sie auf anzurufen!","og_url":"https:\/\/sta-wp.zoofy.com\/de-de\/uber-uns\/","og_site_name":"Zoofy.com","article_modified_time":"2022-07-20T08:12:59+00:00","twitter_card":"summary_large_image","twitter_misc":{"Est. reading time":"2 minutes"},"schema":{"@context":"https:\/\/schema.org","@graph":[{"@type":"WebPage","@id":"https:\/\/sta-wp.zoofy.com\/de-de\/uber-uns\/","url":"https:\/\/sta-wp.zoofy.com\/de-de\/uber-uns\/","name":"\u00dcber Zoofy - Buchen Sie einen Profi online - Zoofy.com","isPartOf":{"@id":"https:\/\/sta-wp.zoofy.com\/de-de\/#website"},"datePublished":"2022-06-01T08:54:56+00:00","dateModified":"2022-07-20T08:12:59+00:00","description":"Wir helfen Ihnen, so schnell wie m\u00f6glich einen Top-Handwerker f\u00fcr all Ihre kleinen Arbeiten im und am Haus zu finden. H\u00f6ren Sie auf anzurufen!","breadcrumb":{"@id":"https:\/\/sta-wp.zoofy.com\/de-de\/uber-uns\/#breadcrumb"},"inLanguage":"de-NDE","potentialAction":[{"@type":"ReadAction","target":["https:\/\/sta-wp.zoofy.com\/de-de\/uber-uns\/"]}]},{"@type":"BreadcrumbList","@id":"https:\/\/sta-wp.zoofy.com\/de-de\/uber-uns\/#breadcrumb","itemListElement":[{"@type":"ListItem","position":1,"name":"Home","item":"https:\/\/sta-wp.zoofy.com\/de-de\/"},{"@type":"ListItem","position":2,"name":"\u00dcber Zoofy"}]},{"@type":"WebSite","@id":"https:\/\/sta-wp.zoofy.com\/de-de\/#website","url":"https:\/\/sta-wp.zoofy.com\/de-de\/","name":"Zoofy.com","description":"Online Book a Service platform","potentialAction":[{"@type":"SearchAction","target":{"@type":"EntryPoint","urlTemplate":"https:\/\/sta-wp.zoofy.com\/de-de\/?s={search_term_string}"},"query-input":"required name=search_term_string"}],"inLanguage":"de-NDE"}]}},"_links":{"self":[{"href":"https:\/\/sta-wp.zoofy.com\/de-de\/wp-json\/wp\/v2\/pages\/20420"}],"collection":[{"href":"https:\/\/sta-wp.zoofy.com\/de-de\/wp-json\/wp\/v2\/pages"}],"about":[{"href":"https:\/\/sta-wp.zoofy.com\/de-de\/wp-json\/wp\/v2\/types\/page"}],"author":[{"embeddable":true,"href":"https:\/\/sta-wp.zoofy.com\/de-de\/wp-json\/wp\/v2\/users\/1"}],"replies":[{"embeddable":true,"href":"https:\/\/sta-wp.zoofy.com\/de-de\/wp-json\/wp\/v2\/comments?post=20420"}],"version-history":[{"count":0,"href":"https:\/\/sta-wp.zoofy.com\/de-de\/wp-json\/wp\/v2\/pages\/20420\/revisions"}],"wp:attachment":[{"href":"https:\/\/sta-wp.zoofy.com\/de-de\/wp-json\/wp\/v2\/media?parent=20420"}],"curies":[{"name":"wp","href":"https:\/\/api.w.org\/{rel}","templated":true}]}}