{"id":21292,"date":"2022-06-15T14:43:57","date_gmt":"2022-06-15T14:43:57","guid":{"rendered":"https:\/\/zoofy.com\/unterschreiben\/"},"modified":"2022-08-17T10:30:15","modified_gmt":"2022-08-17T10:30:15","slug":"unterschreiben","status":"publish","type":"page","link":"https:\/\/sta-wp.zoofy.com\/de-de\/unterschreiben\/","title":{"rendered":"Unterschreiben"},"content":{"rendered":"","protected":false},"excerpt":{"rendered":"","protected":false},"author":1,"featured_media":0,"parent":0,"menu_order":0,"comment_status":"closed","ping_status":"closed","template":"page-templates\/sign-up.php","meta":[],"acf":[],"yoast_head":"<!-- This site is optimized with the Yoast SEO plugin v19.13 - https:\/\/yoast.com\/wordpress\/plugins\/seo\/ -->\n<title>Unterschreiben - Auftr\u00e4ge in Ihrer Region finden - Zoofy.com<\/title>\n<meta name=\"description\" content=\"Auftr\u00e4ge in Ihrer Region finden? Melden Sie sich bei Zoofy f\u00fcr Jobs in Ihrer Region an. Informieren Sie sich hier \u00fcber die Vorteile.\" \/>\n<meta name=\"robots\" content=\"index, follow, max-snippet:-1, max-image-preview:large, max-video-preview:-1\" \/>\n<link rel=\"canonical\" href=\"https:\/\/sta-wp.zoofy.com\/de-de\/unterschreiben\/\" \/>\n<meta property=\"og:locale\" content=\"de_DE\" \/>\n<meta property=\"og:type\" content=\"article\" \/>\n<meta property=\"og:title\" content=\"Unterschreiben - Auftr\u00e4ge in Ihrer Region finden - Zoofy.com\" \/>\n<meta property=\"og:description\" content=\"Auftr\u00e4ge in Ihrer Region finden? Melden Sie sich bei Zoofy f\u00fcr Jobs in Ihrer Region an. Informieren Sie sich hier \u00fcber die Vorteile.\" \/>\n<meta property=\"og:url\" content=\"https:\/\/sta-wp.zoofy.com\/de-de\/unterschreiben\/\" \/>\n<meta property=\"og:site_name\" content=\"Zoofy.com\" \/>\n<meta property=\"article:modified_time\" content=\"2022-08-17T10:30:15+00:00\" \/>\n<meta name=\"twitter:card\" content=\"summary_large_image\" \/>\n<script type=\"application\/ld+json\" class=\"yoast-schema-graph\">{\"@context\":\"https:\/\/schema.org\",\"@graph\":[{\"@type\":\"WebPage\",\"@id\":\"https:\/\/sta-wp.zoofy.com\/de-de\/unterschreiben\/\",\"url\":\"https:\/\/sta-wp.zoofy.com\/de-de\/unterschreiben\/\",\"name\":\"Unterschreiben - Auftr\u00e4ge in Ihrer Region finden - Zoofy.com\",\"isPartOf\":{\"@id\":\"https:\/\/sta-wp.zoofy.com\/de-de\/#website\"},\"datePublished\":\"2022-06-15T14:43:57+00:00\",\"dateModified\":\"2022-08-17T10:30:15+00:00\",\"description\":\"Auftr\u00e4ge in Ihrer Region finden? Melden Sie sich bei Zoofy f\u00fcr Jobs in Ihrer Region an. Informieren Sie sich hier \u00fcber die Vorteile.\",\"breadcrumb\":{\"@id\":\"https:\/\/sta-wp.zoofy.com\/de-de\/unterschreiben\/#breadcrumb\"},\"inLanguage\":\"de-NDE\",\"potentialAction\":[{\"@type\":\"ReadAction\",\"target\":[\"https:\/\/sta-wp.zoofy.com\/de-de\/unterschreiben\/\"]}]},{\"@type\":\"BreadcrumbList\",\"@id\":\"https:\/\/sta-wp.zoofy.com\/de-de\/unterschreiben\/#breadcrumb\",\"itemListElement\":[{\"@type\":\"ListItem\",\"position\":1,\"name\":\"Home\",\"item\":\"https:\/\/sta-wp.zoofy.com\/de-de\/\"},{\"@type\":\"ListItem\",\"position\":2,\"name\":\"Unterschreiben\"}]},{\"@type\":\"WebSite\",\"@id\":\"https:\/\/sta-wp.zoofy.com\/de-de\/#website\",\"url\":\"https:\/\/sta-wp.zoofy.com\/de-de\/\",\"name\":\"Zoofy.com\",\"description\":\"Online Book a Service platform\",\"potentialAction\":[{\"@type\":\"SearchAction\",\"target\":{\"@type\":\"EntryPoint\",\"urlTemplate\":\"https:\/\/sta-wp.zoofy.com\/de-de\/?s={search_term_string}\"},\"query-input\":\"required name=search_term_string\"}],\"inLanguage\":\"de-NDE\"}]}<\/script>\n<!-- \/ Yoast SEO plugin. -->","yoast_head_json":{"title":"Unterschreiben - Auftr\u00e4ge in Ihrer Region finden - Zoofy.com","description":"Auftr\u00e4ge in Ihrer Region finden? Melden Sie sich bei Zoofy f\u00fcr Jobs in Ihrer Region an. Informieren Sie sich hier \u00fcber die Vorteile.","robots":{"index":"index","follow":"follow","max-snippet":"max-snippet:-1","max-image-preview":"max-image-preview:large","max-video-preview":"max-video-preview:-1"},"canonical":"https:\/\/sta-wp.zoofy.com\/de-de\/unterschreiben\/","og_locale":"de_DE","og_type":"article","og_title":"Unterschreiben - Auftr\u00e4ge in Ihrer Region finden - Zoofy.com","og_description":"Auftr\u00e4ge in Ihrer Region finden? Melden Sie sich bei Zoofy f\u00fcr Jobs in Ihrer Region an. Informieren Sie sich hier \u00fcber die Vorteile.","og_url":"https:\/\/sta-wp.zoofy.com\/de-de\/unterschreiben\/","og_site_name":"Zoofy.com","article_modified_time":"2022-08-17T10:30:15+00:00","twitter_card":"summary_large_image","schema":{"@context":"https:\/\/schema.org","@graph":[{"@type":"WebPage","@id":"https:\/\/sta-wp.zoofy.com\/de-de\/unterschreiben\/","url":"https:\/\/sta-wp.zoofy.com\/de-de\/unterschreiben\/","name":"Unterschreiben - Auftr\u00e4ge in Ihrer Region finden - Zoofy.com","isPartOf":{"@id":"https:\/\/sta-wp.zoofy.com\/de-de\/#website"},"datePublished":"2022-06-15T14:43:57+00:00","dateModified":"2022-08-17T10:30:15+00:00","description":"Auftr\u00e4ge in Ihrer Region finden? Melden Sie sich bei Zoofy f\u00fcr Jobs in Ihrer Region an. Informieren Sie sich hier \u00fcber die Vorteile.","breadcrumb":{"@id":"https:\/\/sta-wp.zoofy.com\/de-de\/unterschreiben\/#breadcrumb"},"inLanguage":"de-NDE","potentialAction":[{"@type":"ReadAction","target":["https:\/\/sta-wp.zoofy.com\/de-de\/unterschreiben\/"]}]},{"@type":"BreadcrumbList","@id":"https:\/\/sta-wp.zoofy.com\/de-de\/unterschreiben\/#breadcrumb","itemListElement":[{"@type":"ListItem","position":1,"name":"Home","item":"https:\/\/sta-wp.zoofy.com\/de-de\/"},{"@type":"ListItem","position":2,"name":"Unterschreiben"}]},{"@type":"WebSite","@id":"https:\/\/sta-wp.zoofy.com\/de-de\/#website","url":"https:\/\/sta-wp.zoofy.com\/de-de\/","name":"Zoofy.com","description":"Online Book a Service platform","potentialAction":[{"@type":"SearchAction","target":{"@type":"EntryPoint","urlTemplate":"https:\/\/sta-wp.zoofy.com\/de-de\/?s={search_term_string}"},"query-input":"required name=search_term_string"}],"inLanguage":"de-NDE"}]}},"_links":{"self":[{"href":"https:\/\/sta-wp.zoofy.com\/de-de\/wp-json\/wp\/v2\/pages\/21292"}],"collection":[{"href":"https:\/\/sta-wp.zoofy.com\/de-de\/wp-json\/wp\/v2\/pages"}],"about":[{"href":"https:\/\/sta-wp.zoofy.com\/de-de\/wp-json\/wp\/v2\/types\/page"}],"author":[{"embeddable":true,"href":"https:\/\/sta-wp.zoofy.com\/de-de\/wp-json\/wp\/v2\/users\/1"}],"replies":[{"embeddable":true,"href":"https:\/\/sta-wp.zoofy.com\/de-de\/wp-json\/wp\/v2\/comments?post=21292"}],"version-history":[{"count":0,"href":"https:\/\/sta-wp.zoofy.com\/de-de\/wp-json\/wp\/v2\/pages\/21292\/revisions"}],"wp:attachment":[{"href":"https:\/\/sta-wp.zoofy.com\/de-de\/wp-json\/wp\/v2\/media?parent=21292"}],"curies":[{"name":"wp","href":"https:\/\/api.w.org\/{rel}","templated":true}]}}